{"id":1146,"date":"2022-11-11T14:17:51","date_gmt":"2022-11-11T13:17:51","guid":{"rendered":"https:\/\/digitjenester.no\/swosj\/?page_id=1146"},"modified":"2025-04-30T12:52:51","modified_gmt":"2025-04-30T10:52:51","slug":"demo","status":"publish","type":"page","link":"https:\/\/youtello.no\/en\/demo\/","title":{"rendered":"Demo"},"content":{"rendered":"<p>[et_pb_section fb_built=&raquo;1&#8243; custom_padding_last_edited=&raquo;on|phone&raquo; _builder_version=&raquo;4.23&#8243; _module_preset=&raquo;default&raquo; background_color=&raquo;#FFFFFF&raquo; custom_padding_tablet=&raquo;&raquo; custom_padding_phone=&raquo;0px||||false|false&raquo; da_disable_devices=&raquo;off|off|off&raquo; global_colors_info=&raquo;{}&raquo; da_is_popup=&raquo;off&raquo; da_exit_intent=&raquo;off&raquo; da_has_close=&raquo;on&raquo; da_alt_close=&raquo;off&raquo; da_dark_close=&raquo;off&raquo; da_not_modal=&raquo;on&raquo; da_is_singular=&raquo;off&raquo; da_with_loader=&raquo;off&raquo; da_has_shadow=&raquo;on&raquo;][et_pb_row column_structure=&raquo;1_2,1_2&#8243; _builder_version=&raquo;4.21.0&#8243; _module_preset=&raquo;default&raquo; background_color=&raquo;RGBA(255,255,255,0)&raquo; width=&raquo;90%&raquo; max_width=&raquo;1500px&raquo; custom_padding=&raquo;||50px|||&raquo; border_radii=&raquo;on|20px|20px|20px|20px&raquo; border_color_all=&raquo;#cccccc&raquo; global_colors_info=&raquo;{}&raquo;][et_pb_column type=&raquo;1_2&#8243; _builder_version=&raquo;4.19.0&#8243; _module_preset=&raquo;default&raquo; background_color=&raquo;RGBA(255,255,255,0)&raquo; custom_padding=&raquo;10px|10px|10px|10px|true|true&raquo; border_radii=&raquo;on|20px|20px|20px|20px&raquo; global_colors_info=&raquo;{}&raquo;][et_pb_text _builder_version=&raquo;4.27.4&#8243; _module_preset=&raquo;default&raquo; text_font=&raquo;Roboto|700|||||||&raquo; text_text_color=&raquo;gcid-25366af6-cd3b-4f3c-b74a-0de8207945d4&#8243; text_font_size=&raquo;18px&raquo; custom_margin=&raquo;||15px|20px|false|false&raquo; hover_enabled=&raquo;0&#8243; global_colors_info=&raquo;{%22gcid-25366af6-cd3b-4f3c-b74a-0de8207945d4%22:%91%22text_text_color%22%93}&raquo; sticky_enabled=&raquo;0&#8243;]<\/p>\n<p>Demo<\/p>\n<p>[\/et_pb_text][et_pb_text _builder_version=&raquo;4.27.4&#8243; _module_preset=&raquo;default&raquo; text_font=&raquo;Roboto|700|||||||&raquo; text_text_color=&raquo;#212121&#8243; text_font_size=&raquo;30px&raquo; text_line_height=&raquo;1em&raquo; header_font=&raquo;Roboto|700|||||||&raquo; header_text_color=&raquo;gcid-25366af6-cd3b-4f3c-b74a-0de8207945d4&#8243; header_font_size=&raquo;28px&raquo; custom_margin=&raquo;||10px|20px|false|false&raquo; custom_padding=&raquo;||||false|false&raquo; hover_enabled=&raquo;0&#8243; text_letter_spacing_tablet=&raquo;&raquo; text_letter_spacing_phone=&raquo;&raquo; text_letter_spacing_last_edited=&raquo;on|phone&raquo; text_line_height_tablet=&raquo;&raquo; text_line_height_phone=&raquo;1.2em&raquo; text_line_height_last_edited=&raquo;on|phone&raquo; global_colors_info=&raquo;{%22gcid-25366af6-cd3b-4f3c-b74a-0de8207945d4%22:%91%22header_text_color%22%93}&raquo; sticky_enabled=&raquo;0&#8243;]<\/p>\n<h1>Request a Complimentary Youtello Demonstration<\/h1>\n<p>[\/et_pb_text][et_pb_text content_tablet=&raquo;<\/p>\n<p>eDialog24 har i n\u00e6rt samarbeid med phonero utviklet en unik norsk meldingsapp for sm\u00e5 og mellomstore bedrifter \u2013 Youtello. Appen vil gj\u00f8re det <strong>10x enklere<\/strong> \u00e5 f\u00e5 tak i folk og gi bedriften <strong>100x bedre<\/strong> kundeh\u00e5ndtering.<\/p>\n<p>Som et ledd i kvalitetssikring av appens funksjonalitet og ytelsesevne s\u00f8ker vi inntil 10 ivrige pilotkunder som f\u00e5r teste appen kostnadsfritt ut \u00e5ret.<\/p>\n<p>Bli med \u00e5 test Youtello og opplev en enklere, tryggere og mer verdifull arbeidshverdag.<\/p>\n<p>&raquo; content_phone=&raquo;<\/p>\n<p>eDialog24 har i n\u00e6rt samarbeid med phonero utviklet en unik norsk meldingsapp for sm\u00e5 og mellomstore bedrifter \u2013 Youtello. Appen vil gj\u00f8re det <strong>10x enklere<\/strong> \u00e5 f\u00e5 tak i folk og gi bedriften <strong>100x bedre<\/strong> kundeh\u00e5ndtering.<\/p>\n<p>Som et ledd i kvalitetssikring av appens funksjonalitet og ytelsesevne s\u00f8ker vi inntil 10 ivrige pilotkunder som f\u00e5r teste appen kostnadsfritt ut \u00e5ret.<\/p>\n<p>Bli med \u00e5 test Youtello og opplev en enklere, tryggere og mer verdifull arbeidshverdag.<\/p>\n<p>&raquo; content_last_edited=&raquo;on|phone&raquo; _builder_version=&raquo;4.27.4&#8243; _module_preset=&raquo;default&raquo; text_font=&raquo;Roboto||||||||&raquo; text_text_color=&raquo;gcid-25366af6-cd3b-4f3c-b74a-0de8207945d4&#8243; text_font_size=&raquo;18px&raquo; background_color=&raquo;RGBA(255,255,255,0)&raquo; custom_margin=&raquo;|||20px|false|false&raquo; hover_enabled=&raquo;0&#8243; global_colors_info=&raquo;{%22gcid-25366af6-cd3b-4f3c-b74a-0de8207945d4%22:%91%22text_text_color%22%93}&raquo; sticky_enabled=&raquo;0&#8243;]<\/p>\n<p>Are you woundering if Youtello is the right fit for your business? Register your interest, and our customer service team will get in touch with you to schedule a convenient time for an obligation-free demonstration of Youtello`s core features.<\/p>\n<p><em>Remember, you need to have Bedriftsnett from Telia or Phonero to use Youtello.<\/em><\/p>\n<p>[\/et_pb_text][et_pb_contact_form captcha=&raquo;off&raquo; email=&raquo;kundeservice@edialog24.no&raquo; custom_message=&raquo;Message from Youtello &#8211; Customer would like to schedule date and time for a demo of Youtello.&raquo; success_message=&raquo;Thank you for your interest! You will be contacted by eDialog24 for further information regarding the demo.&raquo; submit_button_text=&raquo;Register Your Interest&raquo; _builder_version=&raquo;4.23&#8243; _module_preset=&raquo;default&raquo; _unique_id=&raquo;513a88fb-070e-47df-a9df-1f191687dc38&#8243; custom_button=&raquo;on&raquo; button_text_color=&raquo;#FFFFFF&raquo; button_bg_color=&raquo;#fa777a&raquo; button_border_width=&raquo;0px&raquo; button_border_radius=&raquo;21px&raquo; button_custom_margin=&raquo;15px|35px|||false|false&raquo; button_custom_margin_tablet=&raquo;15px|35px|||false|false&raquo; button_custom_margin_phone=&raquo;15px|65px|||false|false&raquo; button_custom_margin_last_edited=&raquo;on|phone&raquo; global_colors_info=&raquo;{}&raquo;][et_pb_contact_field field_id=&raquo;Email&raquo; field_title=&raquo;Enter your email address&raquo; field_type=&raquo;email&raquo; _builder_version=&raquo;4.21.0&#8243; form_field_background_color=&raquo;#FFFFFF&raquo; form_field_text_color=&raquo;#a0a0a0&#8243; width_tablet=&raquo;&raquo; width_phone=&raquo;90%&raquo; width_last_edited=&raquo;on|phone&raquo; max_width=&raquo;90%&raquo; custom_margin=&raquo;|||20px|false|false&raquo; custom_padding=&raquo;||||false|false&raquo; border_radii=&raquo;on|15px|15px|15px|15px&raquo; border_width_all=&raquo;1px&raquo; border_color_all=&raquo;#bababa&raquo; global_colors_info=&raquo;{}&raquo; button_text_size__hover_enabled=&raquo;off&raquo; button_one_text_size__hover_enabled=&raquo;off&raquo; button_two_text_size__hover_enabled=&raquo;off&raquo; button_text_color__hover_enabled=&raquo;off&raquo; button_one_text_color__hover_enabled=&raquo;off&raquo; button_two_text_color__hover_enabled=&raquo;off&raquo; button_border_width__hover_enabled=&raquo;off&raquo; button_one_border_width__hover_enabled=&raquo;off&raquo; button_two_border_width__hover_enabled=&raquo;off&raquo; button_border_color__hover_enabled=&raquo;off&raquo; button_one_border_color__hover_enabled=&raquo;off&raquo; button_two_border_color__hover_enabled=&raquo;off&raquo; button_border_radius__hover_enabled=&raquo;off&raquo; button_one_border_radius__hover_enabled=&raquo;off&raquo; button_two_border_radius__hover_enabled=&raquo;off&raquo; button_letter_spacing__hover_enabled=&raquo;off&raquo; button_one_letter_spacing__hover_enabled=&raquo;off&raquo; button_two_letter_spacing__hover_enabled=&raquo;off&raquo; button_bg_color__hover_enabled=&raquo;off&raquo; button_one_bg_color__hover_enabled=&raquo;off&raquo; button_two_bg_color__hover_enabled=&raquo;off&raquo;][\/et_pb_contact_field][\/et_pb_contact_form][\/et_pb_column][et_pb_column type=&raquo;1_2&#8243; _builder_version=&raquo;4.19.0&#8243; _module_preset=&raquo;default&raquo; global_colors_info=&raquo;{}&raquo;][et_pb_image src=&raquo;https:\/\/youtello.no\/wp-content\/uploads\/2022\/11\/mobbiser-2.png&raquo; title_text=&raquo;Illustration mobile phones in profile colors.&raquo; align=&raquo;center&raquo; _builder_version=&raquo;4.24.2&#8243; _module_preset=&raquo;default&raquo; global_colors_info=&raquo;{}&raquo;][\/et_pb_image][\/et_pb_column][\/et_pb_row][\/et_pb_section][et_pb_section fb_built=&raquo;1&#8243; disabled_on=&raquo;on|on|off&raquo; _builder_version=&raquo;4.23&#8243; _module_preset=&raquo;default&raquo; da_disable_devices=&raquo;off|off|off&raquo; global_colors_info=&raquo;{}&raquo; da_is_popup=&raquo;off&raquo; da_exit_intent=&raquo;off&raquo; da_has_close=&raquo;on&raquo; da_alt_close=&raquo;off&raquo; da_dark_close=&raquo;off&raquo; da_not_modal=&raquo;on&raquo; da_is_singular=&raquo;off&raquo; da_with_loader=&raquo;off&raquo; da_has_shadow=&raquo;on&raquo;][et_pb_row _builder_version=&raquo;4.21.0&#8243; _module_preset=&raquo;default&raquo; global_colors_info=&raquo;{}&raquo;][et_pb_column type=&raquo;4_4&#8243; _builder_version=&raquo;4.21.0&#8243; _module_preset=&raquo;default&raquo; global_colors_info=&raquo;{}&raquo;][et_pb_divider show_divider=&raquo;off&raquo; _builder_version=&raquo;4.21.0&#8243; _module_preset=&raquo;default&raquo; min_height=&raquo;100px&raquo; height=&raquo;100px&raquo; max_height=&raquo;100px&raquo; global_colors_info=&raquo;{}&raquo;][\/et_pb_divider][\/et_pb_column][\/et_pb_row][\/et_pb_section]<\/p>\n","protected":false},"excerpt":{"rendered":"<p>DemoRequest a Complimentary Youtello DemonstrationAre you woundering if Youtello is the right fit for your business? Register your interest, and our customer service team will get in touch with you to schedule a convenient time for an obligation-free demonstration of Youtello`s core features. Remember, you need to have Bedriftsnett from Telia or Phonero to use [&hellip;]<\/p>\n","protected":false},"author":1,"featured_media":0,"parent":0,"menu_order":0,"comment_status":"closed","ping_status":"closed","template":"","meta":{"_et_pb_use_builder":"on","_et_pb_old_content":"","_et_gb_content_width":"","footnotes":""},"class_list":["post-1146","page","type-page","status-publish","hentry"],"_links":{"self":[{"href":"https:\/\/youtello.no\/en\/wp-json\/wp\/v2\/pages\/1146","targetHints":{"allow":["GET"]}}],"collection":[{"href":"https:\/\/youtello.no\/en\/wp-json\/wp\/v2\/pages"}],"about":[{"href":"https:\/\/youtello.no\/en\/wp-json\/wp\/v2\/types\/page"}],"author":[{"embeddable":true,"href":"https:\/\/youtello.no\/en\/wp-json\/wp\/v2\/users\/1"}],"replies":[{"embeddable":true,"href":"https:\/\/youtello.no\/en\/wp-json\/wp\/v2\/comments?post=1146"}],"version-history":[{"count":13,"href":"https:\/\/youtello.no\/en\/wp-json\/wp\/v2\/pages\/1146\/revisions"}],"predecessor-version":[{"id":245082,"href":"https:\/\/youtello.no\/en\/wp-json\/wp\/v2\/pages\/1146\/revisions\/245082"}],"wp:attachment":[{"href":"https:\/\/youtello.no\/en\/wp-json\/wp\/v2\/media?parent=1146"}],"curies":[{"name":"wp","href":"https:\/\/api.w.org\/{rel}","templated":true}]}}